{"id":876,"date":"2021-04-26T13:44:35","date_gmt":"2021-04-26T18:44:35","guid":{"rendered":"https:\/\/forocfib.org\/sitio\/?page_id=876"},"modified":"2023-07-13T19:58:58","modified_gmt":"2023-07-13T19:58:58","slug":"luz-elvia-rascon-manquero","status":"publish","type":"page","link":"https:\/\/forocfib.org\/sitio\/miembros\/luz-elvia-rascon-manquero\/","title":{"rendered":"Luz Elvia Rasc\u00f3n Manquero"},"content":{"rendered":"<p>[vc_row][vc_column][vc_empty_space][\/vc_column][\/vc_row][vc_row][vc_column width=\u00bb1\/2&#8243;]<div class=\"themestek-element-heading-wrapper themestek-heading-inner themestek-element-align-left themestek-seperator-none  vc_custom_1689278209663\"><section class=\"themestek-vc_cta3-container\"><div class=\"themestek-vc_general themestek-vc_cta3 themestek-cta3-only themestek-vc_cta3-style-classic themestek-vc_cta3-shape-rounded themestek-vc_cta3-align-left themestek-vc_cta3-color-transparent themestek-vc_cta3-icon-size-md themestek-vc_cta3-actions-no themestek-cta3-without-desc\"><div class=\"themestek-vc_cta3_content-container\"><div class=\"themestek-vc_cta3-content\"><div class=\"themestek-vc_cta3-content-header themestek-wrap\"><div class=\"themestek-vc_cta3-headers themestek-wrap-cell\"><h4 class=\"themestek-custom-heading \" >Directora de Gasto P\u00fablico y PbR-SED Instituto para el Desarrollo T\u00e9cnico de las Haciendas P\u00fablicas M\u00e9xico.<\/h4>\n<h2 class=\"themestek-custom-heading \" >Luz Elvia Rasc\u00f3n Manquero<\/h2>\n<\/div><\/div><\/div><\/div><\/div><\/section><\/div> <!-- .themestek-element-heading-wrapper container --> [vc_single_image image=\u00bb642&#8243; img_size=\u00bbfull\u00bb][\/vc_column][vc_column width=\u00bb1\/2&#8243;][vc_single_image image=\u00bb1154&#8243; img_size=\u00bb50&#215;50&#8243;][\/vc_column][\/vc_row][vc_row][vc_column themestek_bgcolor=\u00bbgrey\u00bb width=\u00bb2\/3&#8243; css=\u00bb.vc_custom_1619543021597{margin-left: 15px !important;padding-top: 50px !important;padding-right: 180px !important;padding-left: 50px !important;}\u00bb themestek_responsive_css=\u00bb29384127|colbreak_no|||||||||colbreak_no|||||||||colbreak_no||25||10||25||10||colbreak_no|||||||||\u00bb][vc_column_text]<\/p>\n<div class=\"text-justify\">\n<p>Directora de Gasto P\u00fablico y PbR-SED en el Instituto para el Desarrollo T\u00e9cnico de las Haciendas P\u00fablicas INDETEC. \u00d3rgano T\u00e9cnico del Sistema Nacional de Coordinaci\u00f3n Fiscal SNCF.<\/p>\n<p>Doctora en Negocios y Estudios Econ\u00f3micos por el Centro Universitario de Ciencias Econ\u00f3mico-Administrativas CUCEA, de la Universidad de Guadalajara, M\u00e9xico.<\/p>\n<p>M\u00e1ster en Ciencias por la Universidad Aut\u00f3noma de Chihuahua UACH, M\u00e9xico. Becaria para Programas de Excelencia de CONACYT.<\/p>\n<p>Especialista en Desarrollo Regional orientado a Cl\u00fasters por el convenio UACH-COLEF. Beca de excelencia CONACYT.<\/p>\n<p>Certificada en las competencias laborales 0019600921 Evaluadora y 0019656421 Presupuesto con base en Resultados, por CONOCER-SEP.<\/p>\n<p>Coordinadora de m\u00e1s de 350 evaluaciones de resultados del ejercicio de Fondos Federales y Programas Presupuestarios para distintas entidades federativas y municipios; as\u00ed como Consultor\u00edas<br \/>\nIntegrales de acompa\u00f1amiento en materia de Presupuesto con base en Resultados.<\/p>\n<p>Autora de libros, art\u00edculos, documentos, manuales y gu\u00edas t\u00e9cnicas en materia de Gesti\u00f3n P\u00fablica para Resultados, Presupuesto con base en Resultados, Evaluaci\u00f3n del Desempe\u00f1o de Recursos<br \/>\nEcon\u00f3micos; y Calidad del Gasto Publico.<\/p>\n<p>Panelista en la Semana Global de Evaluaci\u00f3n; en el Primer Foro de Presupuesto base Cero en el Congreso de la Uni\u00f3n; en el Foro Iberoamericano de Coordinaci\u00f3n Presupuestaria, Financiera y<br \/>\nFiscal Intergubernamental; en el Congreso Internacional de Contabilidad, Costos, y Calidad del Gasto en el Sector P\u00fablico; y conferencista en la LXVIII Reuni\u00f3n Nacional de Contralores.<br \/>\nFacilitadora en el Curso-Seminario Internacional de Pol\u00edticas Presupuestarias y Gesti\u00f3n P\u00fablica por Resultados en las distintas sedes del 2006 al 2015. En asociaci\u00f3n del INDETEC con el ILPES-<br \/>\nCEPAL.<\/p>\n<\/div>\n<p>[\/vc_column_text][\/vc_column][vc_column width=\u00bb1\/3&#8243;][vc_single_image image=\u00bb878&#8243; img_size=\u00bb300&#215;489&#8243; alignment=\u00bbcenter\u00bb css=\u00bb.vc_custom_1619462698824{margin-top: 40px !important;margin-left: -128px !important;border-right-width: 50px !important;}\u00bb][\/vc_column][\/vc_row]<\/p>\n","protected":false},"excerpt":{"rendered":"<p>[vc_row][vc_column][vc_empty_space][\/vc_column][\/vc_row][vc_row][vc_column width=\u00bb1\/2&#8243;][vc_single_image image=\u00bb642&#8243; img_size=\u00bbfull\u00bb][\/vc_column][vc_column width=\u00bb1\/2&#8243;][vc_single_image image=\u00bb1154&#8243; img_size=\u00bb50&#215;50&#8243;][\/vc_column][\/vc_row][vc_row][vc_column themestek_bgcolor=\u00bbgrey\u00bb width=\u00bb2\/3&#8243; css=\u00bb.vc_custom_1619543021597{margin-left: 15px !important;padding-top: 50px !important;padding-right: 180px !important;padding-left: 50px !important;}\u00bb themestek_responsive_css=\u00bb29384127|colbreak_no|||||||||colbreak_no|||||||||colbreak_no||25||10||25||10||colbreak_no|||||||||\u00bb][vc_column_text] Directora de Gasto P\u00fablico y PbR-SED en el Instituto para el Desarrollo T\u00e9cnico de las Haciendas P\u00fablicas INDETEC. \u00d3rgano T\u00e9cnico del Sistema Nacional de Coordinaci\u00f3n Fiscal SNCF. Doctora en Negocios y Estudios Econ\u00f3micos por el Centro &hellip; <a href=\"https:\/\/forocfib.org\/sitio\/miembros\/luz-elvia-rascon-manquero\/\" class=\"more-link\">Continue reading <span class=\"screen-reader-text\">Luz Elvia Rasc\u00f3n Manquero<\/span><\/a><\/p>\n","protected":false},"author":1,"featured_media":0,"parent":777,"menu_order":0,"comment_status":"closed","ping_status":"closed","template":"","meta":[],"_links":{"self":[{"href":"https:\/\/forocfib.org\/sitio\/wp-json\/wp\/v2\/pages\/876"}],"collection":[{"href":"https:\/\/forocfib.org\/sitio\/wp-json\/wp\/v2\/pages"}],"about":[{"href":"https:\/\/forocfib.org\/sitio\/wp-json\/wp\/v2\/types\/page"}],"author":[{"embeddable":true,"href":"https:\/\/forocfib.org\/sitio\/wp-json\/wp\/v2\/users\/1"}],"replies":[{"embeddable":true,"href":"https:\/\/forocfib.org\/sitio\/wp-json\/wp\/v2\/comments?post=876"}],"version-history":[{"count":2,"href":"https:\/\/forocfib.org\/sitio\/wp-json\/wp\/v2\/pages\/876\/revisions"}],"predecessor-version":[{"id":3520,"href":"https:\/\/forocfib.org\/sitio\/wp-json\/wp\/v2\/pages\/876\/revisions\/3520"}],"up":[{"embeddable":true,"href":"https:\/\/forocfib.org\/sitio\/wp-json\/wp\/v2\/pages\/777"}],"wp:attachment":[{"href":"https:\/\/forocfib.org\/sitio\/wp-json\/wp\/v2\/media?parent=876"}],"curies":[{"name":"wp","href":"https:\/\/api.w.org\/{rel}","templated":true}]}}